{"id":3,"date":"2022-06-08T15:12:58","date_gmt":"2022-06-08T15:12:58","guid":{"rendered":"https:\/\/www.trofasaude.pt\/bragasul\/homepage\/"},"modified":"2023-12-19T12:10:29","modified_gmt":"2023-12-19T12:10:29","slug":"homepage","status":"publish","type":"page","link":"https:\/\/www.trofasaude.pt\/bragasul\/","title":{"rendered":"Homepage"},"content":{"rendered":"","protected":false},"excerpt":{"rendered":"","protected":false},"author":1,"featured_media":0,"parent":0,"menu_order":0,"comment_status":"closed","ping_status":"closed","template":"","meta":{"_acf_changed":false,"_exactmetrics_skip_tracking":false,"_exactmetrics_sitenote_active":false,"_exactmetrics_sitenote_note":"","_exactmetrics_sitenote_category":0,"ep_exclude_from_search":false,"footnotes":""},"class_list":["post-3","page","type-page","status-publish","hentry"],"acf":[],"yoast_head":"<!-- This site is optimized with the Yoast SEO plugin v24.9 - https:\/\/yoast.com\/wordpress\/plugins\/seo\/ -->\n<title>Trofa Sa\u00fade Braga Sul<\/title>\n<meta name=\"description\" content=\"O Trofa Sa\u00fade Braga Sul \u00e9 um hospital com internamento, que conta com mais de 40 especialidades, urg\u00eancia adultos e pedi\u00e1trica 24h \/ 365 dias, imagiologia, fisioterapia, medicina dent\u00e1ria, an\u00e1lises cl\u00ednicas, enfermagem, gastrenterologia, bloco operat\u00f3rio e bloco de partos.\" \/>\n<meta name=\"robots\" content=\"index, follow, max-snippet:-1, max-image-preview:large, max-video-preview:-1\" \/>\n<link rel=\"canonical\" href=\"https:\/\/www.trofasaude.pt\/bragasul\/\" \/>\n<meta property=\"og:locale\" content=\"pt_PT\" \/>\n<meta property=\"og:type\" content=\"article\" \/>\n<meta property=\"og:title\" content=\"Trofa Sa\u00fade Braga Sul\" \/>\n<meta property=\"og:description\" content=\"O Trofa Sa\u00fade Braga Sul \u00e9 um hospital com internamento, que conta com mais de 40 especialidades, urg\u00eancia adultos e pedi\u00e1trica 24h \/ 365 dias, imagiologia, fisioterapia, medicina dent\u00e1ria, an\u00e1lises cl\u00ednicas, enfermagem, gastrenterologia, bloco operat\u00f3rio e bloco de partos.\" \/>\n<meta property=\"og:url\" content=\"https:\/\/www.trofasaude.pt\/bragasul\/\" \/>\n<meta property=\"og:site_name\" content=\"Trofa Sa\u00fade Braga Sul\" \/>\n<meta property=\"article:modified_time\" content=\"2023-12-19T12:10:29+00:00\" \/>\n<meta name=\"twitter:card\" content=\"summary_large_image\" \/>\n<script type=\"application\/ld+json\" class=\"yoast-schema-graph\">{\"@context\":\"https:\/\/schema.org\",\"@graph\":[{\"@type\":\"WebPage\",\"@id\":\"https:\/\/www.trofasaude.pt\/bragasul\/\",\"url\":\"https:\/\/www.trofasaude.pt\/bragasul\/\",\"name\":\"Trofa Sa\u00fade Braga Sul\",\"isPartOf\":{\"@id\":\"https:\/\/www.trofasaude.pt\/bragasul\/#website\"},\"datePublished\":\"2022-06-08T15:12:58+00:00\",\"dateModified\":\"2023-12-19T12:10:29+00:00\",\"description\":\"O Trofa Sa\u00fade Braga Sul \u00e9 um hospital com internamento, que conta com mais de 40 especialidades, urg\u00eancia adultos e pedi\u00e1trica 24h \/ 365 dias, imagiologia, fisioterapia, medicina dent\u00e1ria, an\u00e1lises cl\u00ednicas, enfermagem, gastrenterologia, bloco operat\u00f3rio e bloco de partos.\",\"breadcrumb\":{\"@id\":\"https:\/\/www.trofasaude.pt\/bragasul\/#breadcrumb\"},\"inLanguage\":\"pt-PT\",\"potentialAction\":[{\"@type\":\"ReadAction\",\"target\":[\"https:\/\/www.trofasaude.pt\/bragasul\/\"]}]},{\"@type\":\"BreadcrumbList\",\"@id\":\"https:\/\/www.trofasaude.pt\/bragasul\/#breadcrumb\",\"itemListElement\":[{\"@type\":\"ListItem\",\"position\":1,\"name\":\"P\u00e1gina Inicial\",\"item\":\"https:\/\/www.trofasaude.pt\/bragasul\/\"},{\"@type\":\"ListItem\",\"position\":2,\"name\":\"Homepage\"}]},{\"@type\":\"WebSite\",\"@id\":\"https:\/\/www.trofasaude.pt\/bragasul\/#website\",\"url\":\"https:\/\/www.trofasaude.pt\/bragasul\/\",\"name\":\"Trofa Sa\u00fade Braga Sul\",\"description\":\"Mais um site Sites de Trofa Sa\u00fade\",\"potentialAction\":[{\"@type\":\"SearchAction\",\"target\":{\"@type\":\"EntryPoint\",\"urlTemplate\":\"https:\/\/www.trofasaude.pt\/bragasul\/?s={search_term_string}\"},\"query-input\":{\"@type\":\"PropertyValueSpecification\",\"valueRequired\":true,\"valueName\":\"search_term_string\"}}],\"inLanguage\":\"pt-PT\"}]}<\/script>\n<!-- \/ Yoast SEO plugin. -->","yoast_head_json":{"title":"Trofa Sa\u00fade Braga Sul","description":"O Trofa Sa\u00fade Braga Sul \u00e9 um hospital com internamento, que conta com mais de 40 especialidades, urg\u00eancia adultos e pedi\u00e1trica 24h \/ 365 dias, imagiologia, fisioterapia, medicina dent\u00e1ria, an\u00e1lises cl\u00ednicas, enfermagem, gastrenterologia, bloco operat\u00f3rio e bloco de partos.","robots":{"index":"index","follow":"follow","max-snippet":"max-snippet:-1","max-image-preview":"max-image-preview:large","max-video-preview":"max-video-preview:-1"},"canonical":"https:\/\/www.trofasaude.pt\/bragasul\/","og_locale":"pt_PT","og_type":"article","og_title":"Trofa Sa\u00fade Braga Sul","og_description":"O Trofa Sa\u00fade Braga Sul \u00e9 um hospital com internamento, que conta com mais de 40 especialidades, urg\u00eancia adultos e pedi\u00e1trica 24h \/ 365 dias, imagiologia, fisioterapia, medicina dent\u00e1ria, an\u00e1lises cl\u00ednicas, enfermagem, gastrenterologia, bloco operat\u00f3rio e bloco de partos.","og_url":"https:\/\/www.trofasaude.pt\/bragasul\/","og_site_name":"Trofa Sa\u00fade Braga Sul","article_modified_time":"2023-12-19T12:10:29+00:00","twitter_card":"summary_large_image","schema":{"@context":"https:\/\/schema.org","@graph":[{"@type":"WebPage","@id":"https:\/\/www.trofasaude.pt\/bragasul\/","url":"https:\/\/www.trofasaude.pt\/bragasul\/","name":"Trofa Sa\u00fade Braga Sul","isPartOf":{"@id":"https:\/\/www.trofasaude.pt\/bragasul\/#website"},"datePublished":"2022-06-08T15:12:58+00:00","dateModified":"2023-12-19T12:10:29+00:00","description":"O Trofa Sa\u00fade Braga Sul \u00e9 um hospital com internamento, que conta com mais de 40 especialidades, urg\u00eancia adultos e pedi\u00e1trica 24h \/ 365 dias, imagiologia, fisioterapia, medicina dent\u00e1ria, an\u00e1lises cl\u00ednicas, enfermagem, gastrenterologia, bloco operat\u00f3rio e bloco de partos.","breadcrumb":{"@id":"https:\/\/www.trofasaude.pt\/bragasul\/#breadcrumb"},"inLanguage":"pt-PT","potentialAction":[{"@type":"ReadAction","target":["https:\/\/www.trofasaude.pt\/bragasul\/"]}]},{"@type":"BreadcrumbList","@id":"https:\/\/www.trofasaude.pt\/bragasul\/#breadcrumb","itemListElement":[{"@type":"ListItem","position":1,"name":"P\u00e1gina Inicial","item":"https:\/\/www.trofasaude.pt\/bragasul\/"},{"@type":"ListItem","position":2,"name":"Homepage"}]},{"@type":"WebSite","@id":"https:\/\/www.trofasaude.pt\/bragasul\/#website","url":"https:\/\/www.trofasaude.pt\/bragasul\/","name":"Trofa Sa\u00fade Braga Sul","description":"Mais um site Sites de Trofa Sa\u00fade","potentialAction":[{"@type":"SearchAction","target":{"@type":"EntryPoint","urlTemplate":"https:\/\/www.trofasaude.pt\/bragasul\/?s={search_term_string}"},"query-input":{"@type":"PropertyValueSpecification","valueRequired":true,"valueName":"search_term_string"}}],"inLanguage":"pt-PT"}]}},"_links":{"self":[{"href":"https:\/\/www.trofasaude.pt\/bragasul\/wp-json\/wp\/v2\/pages\/3","targetHints":{"allow":["GET"]}}],"collection":[{"href":"https:\/\/www.trofasaude.pt\/bragasul\/wp-json\/wp\/v2\/pages"}],"about":[{"href":"https:\/\/www.trofasaude.pt\/bragasul\/wp-json\/wp\/v2\/types\/page"}],"author":[{"embeddable":true,"href":"https:\/\/www.trofasaude.pt\/bragasul\/wp-json\/wp\/v2\/users\/1"}],"replies":[{"embeddable":true,"href":"https:\/\/www.trofasaude.pt\/bragasul\/wp-json\/wp\/v2\/comments?post=3"}],"version-history":[{"count":4,"href":"https:\/\/www.trofasaude.pt\/bragasul\/wp-json\/wp\/v2\/pages\/3\/revisions"}],"predecessor-version":[{"id":205315,"href":"https:\/\/www.trofasaude.pt\/bragasul\/wp-json\/wp\/v2\/pages\/3\/revisions\/205315"}],"wp:attachment":[{"href":"https:\/\/www.trofasaude.pt\/bragasul\/wp-json\/wp\/v2\/media?parent=3"}],"curies":[{"name":"wp","href":"https:\/\/api.w.org\/{rel}","templated":true}]}}