{"id":303,"date":"2022-06-13T12:48:09","date_gmt":"2022-06-13T12:48:09","guid":{"rendered":"https:\/\/www.trofasaude.pt\/famalicao\/?page_id=303"},"modified":"2022-07-06T14:50:10","modified_gmt":"2022-07-06T13:50:10","slug":"lista-especialidades","status":"publish","type":"page","link":"https:\/\/www.trofasaude.pt\/famalicao\/lista-especialidades\/","title":{"rendered":"Especialidades"},"content":{"rendered":"","protected":false},"excerpt":{"rendered":"","protected":false},"author":1,"featured_media":0,"parent":0,"menu_order":0,"comment_status":"closed","ping_status":"closed","template":"templates-map\/component-specialities-list-layout1.php","meta":{"_acf_changed":false,"_exactmetrics_skip_tracking":false,"_exactmetrics_sitenote_active":false,"_exactmetrics_sitenote_note":"","_exactmetrics_sitenote_category":0,"ep_exclude_from_search":false,"footnotes":""},"class_list":["post-303","page","type-page","status-publish","hentry"],"acf":[],"yoast_head":"<!-- This site is optimized with the Yoast SEO plugin v24.9 - https:\/\/yoast.com\/wordpress\/plugins\/seo\/ -->\n<title>Especialidades - Trofa Sa\u00fade Famalic\u00e3o<\/title>\n<meta name=\"robots\" content=\"index, follow, max-snippet:-1, max-image-preview:large, max-video-preview:-1\" \/>\n<link rel=\"canonical\" href=\"https:\/\/www.trofasaude.pt\/famalicao\/lista-especialidades\/\" \/>\n<meta property=\"og:locale\" content=\"pt_PT\" \/>\n<meta property=\"og:type\" content=\"article\" \/>\n<meta property=\"og:title\" content=\"Especialidades - Trofa Sa\u00fade Famalic\u00e3o\" \/>\n<meta property=\"og:url\" content=\"https:\/\/www.trofasaude.pt\/famalicao\/lista-especialidades\/\" \/>\n<meta property=\"og:site_name\" content=\"Trofa Sa\u00fade Famalic\u00e3o\" \/>\n<meta property=\"article:modified_time\" content=\"2022-07-06T13:50:10+00:00\" \/>\n<meta name=\"twitter:card\" content=\"summary_large_image\" \/>\n<script type=\"application\/ld+json\" class=\"yoast-schema-graph\">{\"@context\":\"https:\/\/schema.org\",\"@graph\":[{\"@type\":\"WebPage\",\"@id\":\"https:\/\/www.trofasaude.pt\/famalicao\/lista-especialidades\/\",\"url\":\"https:\/\/www.trofasaude.pt\/famalicao\/lista-especialidades\/\",\"name\":\"Especialidades - Trofa Sa\u00fade Famalic\u00e3o\",\"isPartOf\":{\"@id\":\"https:\/\/www.trofasaude.pt\/famalicao\/#website\"},\"datePublished\":\"2022-06-13T12:48:09+00:00\",\"dateModified\":\"2022-07-06T13:50:10+00:00\",\"breadcrumb\":{\"@id\":\"https:\/\/www.trofasaude.pt\/famalicao\/lista-especialidades\/#breadcrumb\"},\"inLanguage\":\"pt-PT\",\"potentialAction\":[{\"@type\":\"ReadAction\",\"target\":[\"https:\/\/www.trofasaude.pt\/famalicao\/lista-especialidades\/\"]}]},{\"@type\":\"BreadcrumbList\",\"@id\":\"https:\/\/www.trofasaude.pt\/famalicao\/lista-especialidades\/#breadcrumb\",\"itemListElement\":[{\"@type\":\"ListItem\",\"position\":1,\"name\":\"P\u00e1gina Inicial\",\"item\":\"https:\/\/www.trofasaude.pt\/famalicao\/\"},{\"@type\":\"ListItem\",\"position\":2,\"name\":\"Especialidades\"}]},{\"@type\":\"WebSite\",\"@id\":\"https:\/\/www.trofasaude.pt\/famalicao\/#website\",\"url\":\"https:\/\/www.trofasaude.pt\/famalicao\/\",\"name\":\"Trofa Sa\u00fade Famalic\u00e3o\",\"description\":\"Mais um site Sites de Trofa Sa\u00fade\",\"potentialAction\":[{\"@type\":\"SearchAction\",\"target\":{\"@type\":\"EntryPoint\",\"urlTemplate\":\"https:\/\/www.trofasaude.pt\/famalicao\/?s={search_term_string}\"},\"query-input\":{\"@type\":\"PropertyValueSpecification\",\"valueRequired\":true,\"valueName\":\"search_term_string\"}}],\"inLanguage\":\"pt-PT\"}]}<\/script>\n<!-- \/ Yoast SEO plugin. -->","yoast_head_json":{"title":"Especialidades - Trofa Sa\u00fade Famalic\u00e3o","robots":{"index":"index","follow":"follow","max-snippet":"max-snippet:-1","max-image-preview":"max-image-preview:large","max-video-preview":"max-video-preview:-1"},"canonical":"https:\/\/www.trofasaude.pt\/famalicao\/lista-especialidades\/","og_locale":"pt_PT","og_type":"article","og_title":"Especialidades - Trofa Sa\u00fade Famalic\u00e3o","og_url":"https:\/\/www.trofasaude.pt\/famalicao\/lista-especialidades\/","og_site_name":"Trofa Sa\u00fade Famalic\u00e3o","article_modified_time":"2022-07-06T13:50:10+00:00","twitter_card":"summary_large_image","schema":{"@context":"https:\/\/schema.org","@graph":[{"@type":"WebPage","@id":"https:\/\/www.trofasaude.pt\/famalicao\/lista-especialidades\/","url":"https:\/\/www.trofasaude.pt\/famalicao\/lista-especialidades\/","name":"Especialidades - Trofa Sa\u00fade Famalic\u00e3o","isPartOf":{"@id":"https:\/\/www.trofasaude.pt\/famalicao\/#website"},"datePublished":"2022-06-13T12:48:09+00:00","dateModified":"2022-07-06T13:50:10+00:00","breadcrumb":{"@id":"https:\/\/www.trofasaude.pt\/famalicao\/lista-especialidades\/#breadcrumb"},"inLanguage":"pt-PT","potentialAction":[{"@type":"ReadAction","target":["https:\/\/www.trofasaude.pt\/famalicao\/lista-especialidades\/"]}]},{"@type":"BreadcrumbList","@id":"https:\/\/www.trofasaude.pt\/famalicao\/lista-especialidades\/#breadcrumb","itemListElement":[{"@type":"ListItem","position":1,"name":"P\u00e1gina Inicial","item":"https:\/\/www.trofasaude.pt\/famalicao\/"},{"@type":"ListItem","position":2,"name":"Especialidades"}]},{"@type":"WebSite","@id":"https:\/\/www.trofasaude.pt\/famalicao\/#website","url":"https:\/\/www.trofasaude.pt\/famalicao\/","name":"Trofa Sa\u00fade Famalic\u00e3o","description":"Mais um site Sites de Trofa Sa\u00fade","potentialAction":[{"@type":"SearchAction","target":{"@type":"EntryPoint","urlTemplate":"https:\/\/www.trofasaude.pt\/famalicao\/?s={search_term_string}"},"query-input":{"@type":"PropertyValueSpecification","valueRequired":true,"valueName":"search_term_string"}}],"inLanguage":"pt-PT"}]}},"_links":{"self":[{"href":"https:\/\/www.trofasaude.pt\/famalicao\/wp-json\/wp\/v2\/pages\/303","targetHints":{"allow":["GET"]}}],"collection":[{"href":"https:\/\/www.trofasaude.pt\/famalicao\/wp-json\/wp\/v2\/pages"}],"about":[{"href":"https:\/\/www.trofasaude.pt\/famalicao\/wp-json\/wp\/v2\/types\/page"}],"author":[{"embeddable":true,"href":"https:\/\/www.trofasaude.pt\/famalicao\/wp-json\/wp\/v2\/users\/1"}],"replies":[{"embeddable":true,"href":"https:\/\/www.trofasaude.pt\/famalicao\/wp-json\/wp\/v2\/comments?post=303"}],"version-history":[{"count":2,"href":"https:\/\/www.trofasaude.pt\/famalicao\/wp-json\/wp\/v2\/pages\/303\/revisions"}],"predecessor-version":[{"id":20410,"href":"https:\/\/www.trofasaude.pt\/famalicao\/wp-json\/wp\/v2\/pages\/303\/revisions\/20410"}],"wp:attachment":[{"href":"https:\/\/www.trofasaude.pt\/famalicao\/wp-json\/wp\/v2\/media?parent=303"}],"curies":[{"name":"wp","href":"https:\/\/api.w.org\/{rel}","templated":true}]}}