{"id":226,"date":"2022-06-13T15:12:48","date_gmt":"2022-06-13T15:12:48","guid":{"rendered":"https:\/\/www.trofasaude.pt\/guimaraes\/?page_id=226"},"modified":"2022-06-13T15:12:48","modified_gmt":"2022-06-13T15:12:48","slug":"noticias","status":"publish","type":"page","link":"https:\/\/www.trofasaude.pt\/guimaraes\/noticias\/","title":{"rendered":"Not\u00edcias"},"content":{"rendered":"","protected":false},"excerpt":{"rendered":"","protected":false},"author":1,"featured_media":0,"parent":0,"menu_order":0,"comment_status":"closed","ping_status":"closed","template":"templates-map\/component-newspaper-list-layout1.php","meta":{"_acf_changed":false,"_exactmetrics_skip_tracking":false,"_exactmetrics_sitenote_active":false,"_exactmetrics_sitenote_note":"","_exactmetrics_sitenote_category":0,"ep_exclude_from_search":false,"footnotes":""},"class_list":["post-226","page","type-page","status-publish","hentry"],"acf":[],"yoast_head":"<!-- This site is optimized with the Yoast SEO plugin v24.9 - https:\/\/yoast.com\/wordpress\/plugins\/seo\/ -->\n<title>Not\u00edcias - Trofa Sa\u00fade Guimar\u00e3es<\/title>\n<meta name=\"robots\" content=\"index, follow, max-snippet:-1, max-image-preview:large, max-video-preview:-1\" \/>\n<link rel=\"canonical\" href=\"https:\/\/www.trofasaude.pt\/guimaraes\/noticias\/\" \/>\n<meta property=\"og:locale\" content=\"pt_PT\" \/>\n<meta property=\"og:type\" content=\"article\" \/>\n<meta property=\"og:title\" content=\"Not\u00edcias - Trofa Sa\u00fade Guimar\u00e3es\" \/>\n<meta property=\"og:url\" content=\"https:\/\/www.trofasaude.pt\/guimaraes\/noticias\/\" \/>\n<meta property=\"og:site_name\" content=\"Trofa Sa\u00fade Guimar\u00e3es\" \/>\n<meta name=\"twitter:card\" content=\"summary_large_image\" \/>\n<script type=\"application\/ld+json\" class=\"yoast-schema-graph\">{\"@context\":\"https:\/\/schema.org\",\"@graph\":[{\"@type\":\"WebPage\",\"@id\":\"https:\/\/www.trofasaude.pt\/guimaraes\/noticias\/\",\"url\":\"https:\/\/www.trofasaude.pt\/guimaraes\/noticias\/\",\"name\":\"Not\u00edcias - Trofa Sa\u00fade Guimar\u00e3es\",\"isPartOf\":{\"@id\":\"https:\/\/www.trofasaude.pt\/guimaraes\/#website\"},\"datePublished\":\"2022-06-13T15:12:48+00:00\",\"breadcrumb\":{\"@id\":\"https:\/\/www.trofasaude.pt\/guimaraes\/noticias\/#breadcrumb\"},\"inLanguage\":\"pt-PT\",\"potentialAction\":[{\"@type\":\"ReadAction\",\"target\":[\"https:\/\/www.trofasaude.pt\/guimaraes\/noticias\/\"]}]},{\"@type\":\"BreadcrumbList\",\"@id\":\"https:\/\/www.trofasaude.pt\/guimaraes\/noticias\/#breadcrumb\",\"itemListElement\":[{\"@type\":\"ListItem\",\"position\":1,\"name\":\"P\u00e1gina Inicial\",\"item\":\"https:\/\/www.trofasaude.pt\/guimaraes\/\"},{\"@type\":\"ListItem\",\"position\":2,\"name\":\"Not\u00edcias\"}]},{\"@type\":\"WebSite\",\"@id\":\"https:\/\/www.trofasaude.pt\/guimaraes\/#website\",\"url\":\"https:\/\/www.trofasaude.pt\/guimaraes\/\",\"name\":\"Trofa Sa\u00fade Guimar\u00e3es\",\"description\":\"Mais um site Sites de Trofa Sa\u00fade\",\"potentialAction\":[{\"@type\":\"SearchAction\",\"target\":{\"@type\":\"EntryPoint\",\"urlTemplate\":\"https:\/\/www.trofasaude.pt\/guimaraes\/?s={search_term_string}\"},\"query-input\":{\"@type\":\"PropertyValueSpecification\",\"valueRequired\":true,\"valueName\":\"search_term_string\"}}],\"inLanguage\":\"pt-PT\"}]}<\/script>\n<!-- \/ Yoast SEO plugin. -->","yoast_head_json":{"title":"Not\u00edcias - Trofa Sa\u00fade Guimar\u00e3es","robots":{"index":"index","follow":"follow","max-snippet":"max-snippet:-1","max-image-preview":"max-image-preview:large","max-video-preview":"max-video-preview:-1"},"canonical":"https:\/\/www.trofasaude.pt\/guimaraes\/noticias\/","og_locale":"pt_PT","og_type":"article","og_title":"Not\u00edcias - Trofa Sa\u00fade Guimar\u00e3es","og_url":"https:\/\/www.trofasaude.pt\/guimaraes\/noticias\/","og_site_name":"Trofa Sa\u00fade Guimar\u00e3es","twitter_card":"summary_large_image","schema":{"@context":"https:\/\/schema.org","@graph":[{"@type":"WebPage","@id":"https:\/\/www.trofasaude.pt\/guimaraes\/noticias\/","url":"https:\/\/www.trofasaude.pt\/guimaraes\/noticias\/","name":"Not\u00edcias - Trofa Sa\u00fade Guimar\u00e3es","isPartOf":{"@id":"https:\/\/www.trofasaude.pt\/guimaraes\/#website"},"datePublished":"2022-06-13T15:12:48+00:00","breadcrumb":{"@id":"https:\/\/www.trofasaude.pt\/guimaraes\/noticias\/#breadcrumb"},"inLanguage":"pt-PT","potentialAction":[{"@type":"ReadAction","target":["https:\/\/www.trofasaude.pt\/guimaraes\/noticias\/"]}]},{"@type":"BreadcrumbList","@id":"https:\/\/www.trofasaude.pt\/guimaraes\/noticias\/#breadcrumb","itemListElement":[{"@type":"ListItem","position":1,"name":"P\u00e1gina Inicial","item":"https:\/\/www.trofasaude.pt\/guimaraes\/"},{"@type":"ListItem","position":2,"name":"Not\u00edcias"}]},{"@type":"WebSite","@id":"https:\/\/www.trofasaude.pt\/guimaraes\/#website","url":"https:\/\/www.trofasaude.pt\/guimaraes\/","name":"Trofa Sa\u00fade Guimar\u00e3es","description":"Mais um site Sites de Trofa Sa\u00fade","potentialAction":[{"@type":"SearchAction","target":{"@type":"EntryPoint","urlTemplate":"https:\/\/www.trofasaude.pt\/guimaraes\/?s={search_term_string}"},"query-input":{"@type":"PropertyValueSpecification","valueRequired":true,"valueName":"search_term_string"}}],"inLanguage":"pt-PT"}]}},"_links":{"self":[{"href":"https:\/\/www.trofasaude.pt\/guimaraes\/wp-json\/wp\/v2\/pages\/226","targetHints":{"allow":["GET"]}}],"collection":[{"href":"https:\/\/www.trofasaude.pt\/guimaraes\/wp-json\/wp\/v2\/pages"}],"about":[{"href":"https:\/\/www.trofasaude.pt\/guimaraes\/wp-json\/wp\/v2\/types\/page"}],"author":[{"embeddable":true,"href":"https:\/\/www.trofasaude.pt\/guimaraes\/wp-json\/wp\/v2\/users\/1"}],"replies":[{"embeddable":true,"href":"https:\/\/www.trofasaude.pt\/guimaraes\/wp-json\/wp\/v2\/comments?post=226"}],"version-history":[{"count":1,"href":"https:\/\/www.trofasaude.pt\/guimaraes\/wp-json\/wp\/v2\/pages\/226\/revisions"}],"predecessor-version":[{"id":228,"href":"https:\/\/www.trofasaude.pt\/guimaraes\/wp-json\/wp\/v2\/pages\/226\/revisions\/228"}],"wp:attachment":[{"href":"https:\/\/www.trofasaude.pt\/guimaraes\/wp-json\/wp\/v2\/media?parent=226"}],"curies":[{"name":"wp","href":"https:\/\/api.w.org\/{rel}","templated":true}]}}