{"id":27194,"date":"2022-11-14T16:43:09","date_gmt":"2022-11-14T16:43:09","guid":{"rendered":"https:\/\/www.trofasaude.pt\/maia\/?page_id=27194"},"modified":"2024-07-16T16:17:33","modified_gmt":"2024-07-16T15:17:33","slug":"atendimento-urgente","status":"publish","type":"page","link":"https:\/\/www.trofasaude.pt\/maia\/atendimento-urgente\/","title":{"rendered":"Atendimento N\u00e3o Programado"},"content":{"rendered":"","protected":false},"excerpt":{"rendered":"","protected":false},"author":9,"featured_media":0,"parent":0,"menu_order":0,"comment_status":"closed","ping_status":"closed","template":"templates-map\/component-text-layout1.php","meta":{"_acf_changed":false,"_exactmetrics_skip_tracking":false,"_exactmetrics_sitenote_active":false,"_exactmetrics_sitenote_note":"","_exactmetrics_sitenote_category":0,"ep_exclude_from_search":false,"footnotes":""},"class_list":["post-27194","page","type-page","status-publish","hentry"],"acf":[],"yoast_head":"<!-- This site is optimized with the Yoast SEO plugin v24.9 - https:\/\/yoast.com\/wordpress\/plugins\/seo\/ -->\n<title>Atendimento N\u00e3o Programado - Trofa Sa\u00fade Maia<\/title>\n<meta name=\"robots\" content=\"index, follow, max-snippet:-1, max-image-preview:large, max-video-preview:-1\" \/>\n<link rel=\"canonical\" href=\"https:\/\/www.trofasaude.pt\/maia\/atendimento-urgente\/\" \/>\n<meta property=\"og:locale\" content=\"pt_PT\" \/>\n<meta property=\"og:type\" content=\"article\" \/>\n<meta property=\"og:title\" content=\"Atendimento N\u00e3o Programado - Trofa Sa\u00fade Maia\" \/>\n<meta property=\"og:url\" content=\"https:\/\/www.trofasaude.pt\/maia\/atendimento-urgente\/\" \/>\n<meta property=\"og:site_name\" content=\"Trofa Sa\u00fade Maia\" \/>\n<meta property=\"article:modified_time\" content=\"2024-07-16T15:17:33+00:00\" \/>\n<meta name=\"twitter:card\" content=\"summary_large_image\" \/>\n<script type=\"application\/ld+json\" class=\"yoast-schema-graph\">{\"@context\":\"https:\/\/schema.org\",\"@graph\":[{\"@type\":\"WebPage\",\"@id\":\"https:\/\/www.trofasaude.pt\/maia\/atendimento-urgente\/\",\"url\":\"https:\/\/www.trofasaude.pt\/maia\/atendimento-urgente\/\",\"name\":\"Atendimento N\u00e3o Programado - Trofa Sa\u00fade Maia\",\"isPartOf\":{\"@id\":\"https:\/\/www.trofasaude.pt\/maia\/#website\"},\"datePublished\":\"2022-11-14T16:43:09+00:00\",\"dateModified\":\"2024-07-16T15:17:33+00:00\",\"breadcrumb\":{\"@id\":\"https:\/\/www.trofasaude.pt\/maia\/atendimento-urgente\/#breadcrumb\"},\"inLanguage\":\"pt-PT\",\"potentialAction\":[{\"@type\":\"ReadAction\",\"target\":[\"https:\/\/www.trofasaude.pt\/maia\/atendimento-urgente\/\"]}]},{\"@type\":\"BreadcrumbList\",\"@id\":\"https:\/\/www.trofasaude.pt\/maia\/atendimento-urgente\/#breadcrumb\",\"itemListElement\":[{\"@type\":\"ListItem\",\"position\":1,\"name\":\"P\u00e1gina Inicial\",\"item\":\"https:\/\/www.trofasaude.pt\/maia\/\"},{\"@type\":\"ListItem\",\"position\":2,\"name\":\"Atendimento N\u00e3o Programado\"}]},{\"@type\":\"WebSite\",\"@id\":\"https:\/\/www.trofasaude.pt\/maia\/#website\",\"url\":\"https:\/\/www.trofasaude.pt\/maia\/\",\"name\":\"Trofa Sa\u00fade Maia\",\"description\":\"O Trofa Sa\u00fade Maia, \u00e9 uma unidade dotada da mais moderna e diversificada tecnologia m\u00e9dica. Esta Unidade de sa\u00fade est\u00e1 equipada com alta tecnologia e respeita os mais modernos conceitos de funcionalidade, arquitetura e engenharia hospitalar, operando em regime de ambulat\u00f3rio.\",\"potentialAction\":[{\"@type\":\"SearchAction\",\"target\":{\"@type\":\"EntryPoint\",\"urlTemplate\":\"https:\/\/www.trofasaude.pt\/maia\/?s={search_term_string}\"},\"query-input\":{\"@type\":\"PropertyValueSpecification\",\"valueRequired\":true,\"valueName\":\"search_term_string\"}}],\"inLanguage\":\"pt-PT\"}]}<\/script>\n<!-- \/ Yoast SEO plugin. -->","yoast_head_json":{"title":"Atendimento N\u00e3o Programado - Trofa Sa\u00fade Maia","robots":{"index":"index","follow":"follow","max-snippet":"max-snippet:-1","max-image-preview":"max-image-preview:large","max-video-preview":"max-video-preview:-1"},"canonical":"https:\/\/www.trofasaude.pt\/maia\/atendimento-urgente\/","og_locale":"pt_PT","og_type":"article","og_title":"Atendimento N\u00e3o Programado - Trofa Sa\u00fade Maia","og_url":"https:\/\/www.trofasaude.pt\/maia\/atendimento-urgente\/","og_site_name":"Trofa Sa\u00fade Maia","article_modified_time":"2024-07-16T15:17:33+00:00","twitter_card":"summary_large_image","schema":{"@context":"https:\/\/schema.org","@graph":[{"@type":"WebPage","@id":"https:\/\/www.trofasaude.pt\/maia\/atendimento-urgente\/","url":"https:\/\/www.trofasaude.pt\/maia\/atendimento-urgente\/","name":"Atendimento N\u00e3o Programado - Trofa Sa\u00fade Maia","isPartOf":{"@id":"https:\/\/www.trofasaude.pt\/maia\/#website"},"datePublished":"2022-11-14T16:43:09+00:00","dateModified":"2024-07-16T15:17:33+00:00","breadcrumb":{"@id":"https:\/\/www.trofasaude.pt\/maia\/atendimento-urgente\/#breadcrumb"},"inLanguage":"pt-PT","potentialAction":[{"@type":"ReadAction","target":["https:\/\/www.trofasaude.pt\/maia\/atendimento-urgente\/"]}]},{"@type":"BreadcrumbList","@id":"https:\/\/www.trofasaude.pt\/maia\/atendimento-urgente\/#breadcrumb","itemListElement":[{"@type":"ListItem","position":1,"name":"P\u00e1gina Inicial","item":"https:\/\/www.trofasaude.pt\/maia\/"},{"@type":"ListItem","position":2,"name":"Atendimento N\u00e3o Programado"}]},{"@type":"WebSite","@id":"https:\/\/www.trofasaude.pt\/maia\/#website","url":"https:\/\/www.trofasaude.pt\/maia\/","name":"Trofa Sa\u00fade Maia","description":"O Trofa Sa\u00fade Maia, \u00e9 uma unidade dotada da mais moderna e diversificada tecnologia m\u00e9dica. Esta Unidade de sa\u00fade est\u00e1 equipada com alta tecnologia e respeita os mais modernos conceitos de funcionalidade, arquitetura e engenharia hospitalar, operando em regime de ambulat\u00f3rio.","potentialAction":[{"@type":"SearchAction","target":{"@type":"EntryPoint","urlTemplate":"https:\/\/www.trofasaude.pt\/maia\/?s={search_term_string}"},"query-input":{"@type":"PropertyValueSpecification","valueRequired":true,"valueName":"search_term_string"}}],"inLanguage":"pt-PT"}]}},"_links":{"self":[{"href":"https:\/\/www.trofasaude.pt\/maia\/wp-json\/wp\/v2\/pages\/27194","targetHints":{"allow":["GET"]}}],"collection":[{"href":"https:\/\/www.trofasaude.pt\/maia\/wp-json\/wp\/v2\/pages"}],"about":[{"href":"https:\/\/www.trofasaude.pt\/maia\/wp-json\/wp\/v2\/types\/page"}],"author":[{"embeddable":true,"href":"https:\/\/www.trofasaude.pt\/maia\/wp-json\/wp\/v2\/users\/9"}],"replies":[{"embeddable":true,"href":"https:\/\/www.trofasaude.pt\/maia\/wp-json\/wp\/v2\/comments?post=27194"}],"version-history":[{"count":9,"href":"https:\/\/www.trofasaude.pt\/maia\/wp-json\/wp\/v2\/pages\/27194\/revisions"}],"predecessor-version":[{"id":197454,"href":"https:\/\/www.trofasaude.pt\/maia\/wp-json\/wp\/v2\/pages\/27194\/revisions\/197454"}],"wp:attachment":[{"href":"https:\/\/www.trofasaude.pt\/maia\/wp-json\/wp\/v2\/media?parent=27194"}],"curies":[{"name":"wp","href":"https:\/\/api.w.org\/{rel}","templated":true}]}}