{"id":333,"date":"2022-11-30T16:44:58","date_gmt":"2022-11-30T16:44:58","guid":{"rendered":"https:\/\/www.trofasaude.pt\/stamariadafeira\/?page_id=333"},"modified":"2022-12-05T10:04:17","modified_gmt":"2022-12-05T10:04:17","slug":"lista-eventos","status":"publish","type":"page","link":"https:\/\/www.trofasaude.pt\/stamariadafeira\/lista-eventos\/","title":{"rendered":"Eventos"},"content":{"rendered":"","protected":false},"excerpt":{"rendered":"","protected":false},"author":9,"featured_media":0,"parent":0,"menu_order":0,"comment_status":"closed","ping_status":"closed","template":"templates-map\/component-events-list-layout1.php","meta":{"_acf_changed":false,"_exactmetrics_skip_tracking":false,"_exactmetrics_sitenote_active":false,"_exactmetrics_sitenote_note":"","_exactmetrics_sitenote_category":0,"ep_exclude_from_search":false,"footnotes":""},"class_list":["post-333","page","type-page","status-publish","hentry"],"acf":[],"yoast_head":"<!-- This site is optimized with the Yoast SEO plugin v24.9 - https:\/\/yoast.com\/wordpress\/plugins\/seo\/ -->\n<title>Eventos - Trofa Sa\u00fade Santa Maria da Feira<\/title>\n<meta name=\"description\" content=\"Fique a par de todos os eventos gratuitos a decorrer no Trofa Sa\u00fade Santa Maria da Feira. Estes abordam diferentes tem\u00e1ticas e contam com palestrantes diferenciados na \u00e1rea.\" \/>\n<meta name=\"robots\" content=\"index, follow, max-snippet:-1, max-image-preview:large, max-video-preview:-1\" \/>\n<link rel=\"canonical\" href=\"https:\/\/www.trofasaude.pt\/stamariadafeira\/lista-eventos\/\" \/>\n<meta property=\"og:locale\" content=\"pt_PT\" \/>\n<meta property=\"og:type\" content=\"article\" \/>\n<meta property=\"og:title\" content=\"Eventos - Trofa Sa\u00fade Santa Maria da Feira\" \/>\n<meta property=\"og:description\" content=\"Fique a par de todos os eventos gratuitos a decorrer no Trofa Sa\u00fade Santa Maria da Feira. Estes abordam diferentes tem\u00e1ticas e contam com palestrantes diferenciados na \u00e1rea.\" \/>\n<meta property=\"og:url\" content=\"https:\/\/www.trofasaude.pt\/stamariadafeira\/lista-eventos\/\" \/>\n<meta property=\"og:site_name\" content=\"Trofa Sa\u00fade Santa Maria da Feira\" \/>\n<meta property=\"article:modified_time\" content=\"2022-12-05T10:04:17+00:00\" \/>\n<meta name=\"twitter:card\" content=\"summary_large_image\" \/>\n<script type=\"application\/ld+json\" class=\"yoast-schema-graph\">{\"@context\":\"https:\/\/schema.org\",\"@graph\":[{\"@type\":\"WebPage\",\"@id\":\"https:\/\/www.trofasaude.pt\/stamariadafeira\/lista-eventos\/\",\"url\":\"https:\/\/www.trofasaude.pt\/stamariadafeira\/lista-eventos\/\",\"name\":\"Eventos - Trofa Sa\u00fade Santa Maria da Feira\",\"isPartOf\":{\"@id\":\"https:\/\/www.trofasaude.pt\/stamariadafeira\/#website\"},\"datePublished\":\"2022-11-30T16:44:58+00:00\",\"dateModified\":\"2022-12-05T10:04:17+00:00\",\"description\":\"Fique a par de todos os eventos gratuitos a decorrer no Trofa Sa\u00fade Santa Maria da Feira. Estes abordam diferentes tem\u00e1ticas e contam com palestrantes diferenciados na \u00e1rea.\",\"breadcrumb\":{\"@id\":\"https:\/\/www.trofasaude.pt\/stamariadafeira\/lista-eventos\/#breadcrumb\"},\"inLanguage\":\"pt-PT\",\"potentialAction\":[{\"@type\":\"ReadAction\",\"target\":[\"https:\/\/www.trofasaude.pt\/stamariadafeira\/lista-eventos\/\"]}]},{\"@type\":\"BreadcrumbList\",\"@id\":\"https:\/\/www.trofasaude.pt\/stamariadafeira\/lista-eventos\/#breadcrumb\",\"itemListElement\":[{\"@type\":\"ListItem\",\"position\":1,\"name\":\"P\u00e1gina Inicial\",\"item\":\"https:\/\/www.trofasaude.pt\/stamariadafeira\/\"},{\"@type\":\"ListItem\",\"position\":2,\"name\":\"Eventos\"}]},{\"@type\":\"WebSite\",\"@id\":\"https:\/\/www.trofasaude.pt\/stamariadafeira\/#website\",\"url\":\"https:\/\/www.trofasaude.pt\/stamariadafeira\/\",\"name\":\"Trofa Sa\u00fade Santa Maria da Feira\",\"description\":\"Mais um site Sites de Trofa Sa\u00fade\",\"potentialAction\":[{\"@type\":\"SearchAction\",\"target\":{\"@type\":\"EntryPoint\",\"urlTemplate\":\"https:\/\/www.trofasaude.pt\/stamariadafeira\/?s={search_term_string}\"},\"query-input\":{\"@type\":\"PropertyValueSpecification\",\"valueRequired\":true,\"valueName\":\"search_term_string\"}}],\"inLanguage\":\"pt-PT\"}]}<\/script>\n<!-- \/ Yoast SEO plugin. -->","yoast_head_json":{"title":"Eventos - Trofa Sa\u00fade Santa Maria da Feira","description":"Fique a par de todos os eventos gratuitos a decorrer no Trofa Sa\u00fade Santa Maria da Feira. Estes abordam diferentes tem\u00e1ticas e contam com palestrantes diferenciados na \u00e1rea.","robots":{"index":"index","follow":"follow","max-snippet":"max-snippet:-1","max-image-preview":"max-image-preview:large","max-video-preview":"max-video-preview:-1"},"canonical":"https:\/\/www.trofasaude.pt\/stamariadafeira\/lista-eventos\/","og_locale":"pt_PT","og_type":"article","og_title":"Eventos - Trofa Sa\u00fade Santa Maria da Feira","og_description":"Fique a par de todos os eventos gratuitos a decorrer no Trofa Sa\u00fade Santa Maria da Feira. Estes abordam diferentes tem\u00e1ticas e contam com palestrantes diferenciados na \u00e1rea.","og_url":"https:\/\/www.trofasaude.pt\/stamariadafeira\/lista-eventos\/","og_site_name":"Trofa Sa\u00fade Santa Maria da Feira","article_modified_time":"2022-12-05T10:04:17+00:00","twitter_card":"summary_large_image","schema":{"@context":"https:\/\/schema.org","@graph":[{"@type":"WebPage","@id":"https:\/\/www.trofasaude.pt\/stamariadafeira\/lista-eventos\/","url":"https:\/\/www.trofasaude.pt\/stamariadafeira\/lista-eventos\/","name":"Eventos - Trofa Sa\u00fade Santa Maria da Feira","isPartOf":{"@id":"https:\/\/www.trofasaude.pt\/stamariadafeira\/#website"},"datePublished":"2022-11-30T16:44:58+00:00","dateModified":"2022-12-05T10:04:17+00:00","description":"Fique a par de todos os eventos gratuitos a decorrer no Trofa Sa\u00fade Santa Maria da Feira. Estes abordam diferentes tem\u00e1ticas e contam com palestrantes diferenciados na \u00e1rea.","breadcrumb":{"@id":"https:\/\/www.trofasaude.pt\/stamariadafeira\/lista-eventos\/#breadcrumb"},"inLanguage":"pt-PT","potentialAction":[{"@type":"ReadAction","target":["https:\/\/www.trofasaude.pt\/stamariadafeira\/lista-eventos\/"]}]},{"@type":"BreadcrumbList","@id":"https:\/\/www.trofasaude.pt\/stamariadafeira\/lista-eventos\/#breadcrumb","itemListElement":[{"@type":"ListItem","position":1,"name":"P\u00e1gina Inicial","item":"https:\/\/www.trofasaude.pt\/stamariadafeira\/"},{"@type":"ListItem","position":2,"name":"Eventos"}]},{"@type":"WebSite","@id":"https:\/\/www.trofasaude.pt\/stamariadafeira\/#website","url":"https:\/\/www.trofasaude.pt\/stamariadafeira\/","name":"Trofa Sa\u00fade Santa Maria da Feira","description":"Mais um site Sites de Trofa Sa\u00fade","potentialAction":[{"@type":"SearchAction","target":{"@type":"EntryPoint","urlTemplate":"https:\/\/www.trofasaude.pt\/stamariadafeira\/?s={search_term_string}"},"query-input":{"@type":"PropertyValueSpecification","valueRequired":true,"valueName":"search_term_string"}}],"inLanguage":"pt-PT"}]}},"_links":{"self":[{"href":"https:\/\/www.trofasaude.pt\/stamariadafeira\/wp-json\/wp\/v2\/pages\/333","targetHints":{"allow":["GET"]}}],"collection":[{"href":"https:\/\/www.trofasaude.pt\/stamariadafeira\/wp-json\/wp\/v2\/pages"}],"about":[{"href":"https:\/\/www.trofasaude.pt\/stamariadafeira\/wp-json\/wp\/v2\/types\/page"}],"author":[{"embeddable":true,"href":"https:\/\/www.trofasaude.pt\/stamariadafeira\/wp-json\/wp\/v2\/users\/9"}],"replies":[{"embeddable":true,"href":"https:\/\/www.trofasaude.pt\/stamariadafeira\/wp-json\/wp\/v2\/comments?post=333"}],"version-history":[{"count":1,"href":"https:\/\/www.trofasaude.pt\/stamariadafeira\/wp-json\/wp\/v2\/pages\/333\/revisions"}],"predecessor-version":[{"id":334,"href":"https:\/\/www.trofasaude.pt\/stamariadafeira\/wp-json\/wp\/v2\/pages\/333\/revisions\/334"}],"wp:attachment":[{"href":"https:\/\/www.trofasaude.pt\/stamariadafeira\/wp-json\/wp\/v2\/media?parent=333"}],"curies":[{"name":"wp","href":"https:\/\/api.w.org\/{rel}","templated":true}]}}